{"id":4796,"date":"2024-03-01T10:08:34","date_gmt":"2024-03-01T08:08:34","guid":{"rendered":"https:\/\/ovioworld.com\/en\/?page_id=4796"},"modified":"2026-03-02T19:54:53","modified_gmt":"2026-03-02T18:54:53","slug":"about-us","status":"publish","type":"page","link":"https:\/\/ovioworld.com\/en\/about-us\/","title":{"rendered":"About Us"},"content":{"rendered":"\n[et_pb_section fb_built=&#8221;1&#8243; _builder_version=&#8221;4.27.5&#8243; _module_preset=&#8221;default&#8221; hover_enabled=&#8221;0&#8243; global_colors_info=&#8221;{}&#8221; min_height__hover_enabled=&#8221;on|desktop&#8221; custom_padding=&#8221;0px||||false|false&#8221; sticky_enabled=&#8221;0&#8243;][et_pb_row _builder_version=&#8221;4.27.5&#8243; _module_preset=&#8221;default&#8221; global_colors_info=&#8221;{}&#8221;][et_pb_column type=&#8221;4_4&#8243; _builder_version=&#8221;4.27.5&#8243; _module_preset=&#8221;default&#8221; global_colors_info=&#8221;{}&#8221;][et_pb_text content_tablet=&#8221;<h1 style=%22color: #1046bb; font-size: 40px;%22>OVIO &#8211; Your DAP provider<\/h1>\n<h3 style=%22color: #1046bb;%22>Offers experiences that boost ROI.<\/h3>&#8221; content_phone=&#8221;<h1 style=%22color: #1046bb; font-size: 40px;%22>OVIO &#8211; Your DAP provider<\/h1>\n<h3 style=%22color: #1046bb;%22>Offers experiences that boost ROI.<\/h3>&#8221; content_last_edited=&#8221;on|phone&#8221; _builder_version=&#8221;4.27.5&#8243; _module_preset=&#8221;default&#8221; text_font=&#8221;Exo||||||||&#8221; header_font=&#8221;Exo|700|||||||&#8221; header_3_font=&#8221;Exo|600|||||||&#8221; header_3_text_color=&#8221;#4f4f4f&#8221; custom_margin=&#8221;||13px|||&#8221; hover_enabled=&#8221;0&#8243; global_colors_info=&#8221;{}&#8221; sticky_enabled=&#8221;0&#8243;]<h1 style=\"color: #1046bb; font-size: 40px;\">OVIO &#8211; Your DAP provider<\/h1>\n<h3 style=\"color: #1046bb;\">Offers experiences that boost ROI.<\/h3>[\/et_pb_text][et_pb_text _builder_version=&#8221;4.27.5&#8243; _module_preset=&#8221;default&#8221; text_font=&#8221;Exo||||||||&#8221; custom_margin=&#8221;||25px|||&#8221; global_colors_info=&#8221;{}&#8221;]<div style=\"font-size: 16px;\">\n\nWe at OVIO develop and operate the next generation of holistic knowledge management. Our focus is on strict compliance with the GDPR, maximum protection of your data, and upholding universally accepted work ethics \u2013 especially regarding the spread of artificial intelligence. The German Federal Grant for Research and Development confirms OVIO GmbH&#8217;s innovative capabilities.\n\nWe look forward to your project \u2013 your OVIO team.\n\n<\/div>[\/et_pb_text][\/et_pb_column][\/et_pb_row][\/et_pb_section][et_pb_section fb_built=&#8221;1&#8243; _builder_version=&#8221;4.27.5&#8243; _module_preset=&#8221;default&#8221; background_image=&#8221;https:\/\/ovioworld.com\/en\/wp-content\/uploads\/sites\/9\/2023\/05\/background33.png&#8221; custom_padding=&#8221;0px||0px||false|false&#8221; global_colors_info=&#8221;{}&#8221;][et_pb_row column_structure=&#8221;1_3,1_3,1_3&#8243; _builder_version=&#8221;4.27.4&#8243; _module_preset=&#8221;default&#8221; custom_margin=&#8221;-40px|auto||auto||&#8221; global_colors_info=&#8221;{}&#8221;][et_pb_column type=&#8221;1_3&#8243; _builder_version=&#8221;4.27.4&#8243; _module_preset=&#8221;default&#8221; global_colors_info=&#8221;{}&#8221;][et_pb_testimonial author=&#8221;Johannes Br\u00fcnner&#8221; job_title=&#8221;Gesch\u00e4ftsf\u00fchrer&#8221; portrait_url=&#8221;https:\/\/ovioworld.com\/en\/wp-content\/uploads\/sites\/9\/2023\/05\/36-1.png&#8221; _builder_version=&#8221;4.27.4&#8243; _module_preset=&#8221;default&#8221; global_colors_info=&#8221;{}&#8221;]<p>Wir m\u00f6chten Menschen in Unternehmen durch Know-how zu besseren Leistungen verhelfen, indem wir Ihnen die bestm\u00f6gliche Unterst\u00fctzung im daily Business zur Verf\u00fcgung stellen.<\/p>\n<p>Eine intelligente Cloud-Technologie, die den Benutzern kontextsensitiv Wissen anbietet &#8211; im Moment des Bedarfs. Daf\u00fcr haben wir eine Anwendung entwickelt, die vor allem durch Performance und kurzfristiger Bereistellung besticht.<\/p>[\/et_pb_testimonial][\/et_pb_column][et_pb_column type=&#8221;1_3&#8243; _builder_version=&#8221;4.27.4&#8243; _module_preset=&#8221;default&#8221; global_colors_info=&#8221;{}&#8221;][et_pb_testimonial author=&#8221;Math\u00e4us Ziebura&#8221; job_title=&#8221;Gesch\u00e4ftsf\u00fchrer&#8221; portrait_url=&#8221;https:\/\/ovioworld.com\/en\/wp-content\/uploads\/sites\/9\/2025\/11\/37-1.png&#8221; _builder_version=&#8221;4.27.4&#8243; _module_preset=&#8221;default&#8221; global_colors_info=&#8221;{}&#8221;]<p>Unser Augenmerk bei der Konzeption, Erprobung und Bereitstellung innovativer Wissens-L\u00f6sungen liegt auf der Benutzerfreundlichkeit. Aus diesem Grund liegt uns jeder Kunde sehr am Herzen, weil am Ende des Tages ist unsere Leistung teil Ihres Erfolgs.<\/p>\n<p>Zusammenarbeit auf Augenh\u00f6he und unbedingter Wille zur H\u00f6chstleistung, die in Kundenzufriedenheit resultiert sind der Kern unseres Schaffens.<\/p>[\/et_pb_testimonial][\/et_pb_column][et_pb_column type=&#8221;1_3&#8243; _builder_version=&#8221;4.27.4&#8243; _module_preset=&#8221;default&#8221; global_colors_info=&#8221;{}&#8221;][et_pb_testimonial author=&#8221;Sascha Jakusin&#8221; job_title=&#8221;CTO&#8221; portrait_url=&#8221;https:\/\/ovioworld.com\/en\/wp-content\/uploads\/sites\/9\/2023\/05\/39-1.png&#8221; _builder_version=&#8221;4.27.4&#8243; _module_preset=&#8221;default&#8221; global_colors_info=&#8221;{}&#8221;]<p>F\u00fcr uns ist die Erbringung zuverl\u00e4ssige Service-Leistung, Datensicherheit und Erreichbarkeit essentiell. Allem voran steht die Bereitschaft den Status-Quo zu hinterfragen.<\/p>\n<p>So ist es uns eine Herzensangelegenheit die bestm\u00f6gliche Leistung auch hinter den Kulissen bereitzustellen, um bei verst\u00e4rkten Bedarf unseren Kunden beispielweise Ressourcen, oder Produkt-Inkrementen zur Verf\u00fcgung zu stellen.<\/p>[\/et_pb_testimonial][\/et_pb_column][\/et_pb_row][\/et_pb_section][et_pb_section fb_built=&#8221;1&#8243; _builder_version=&#8221;4.27.5&#8243; _module_preset=&#8221;default&#8221; global_colors_info=&#8221;{}&#8221;][et_pb_row _builder_version=&#8221;4.27.4&#8243; _module_preset=&#8221;default&#8221; global_colors_info=&#8221;{}&#8221;][et_pb_column type=&#8221;4_4&#8243; _builder_version=&#8221;4.27.4&#8243; _module_preset=&#8221;default&#8221; global_colors_info=&#8221;{}&#8221;][et_pb_text content_tablet=&#8221;<h1 style=%22color: #1046bb; font-size: 40px;%22>Our philosophy<\/h1>\n<h3 style=%22color: #1046bb;%22>Quality &#038; growth orientation<\/h3>&#8221; content_phone=&#8221;<h1 style=%22color: #1046bb; font-size: 40px;%22>Our philosophy<\/h1>\n<h3 style=%22color: #1046bb;%22>Quality &#038; growth orientation<\/h3>&#8221; content_last_edited=&#8221;on|tablet&#8221; _builder_version=&#8221;4.27.5&#8243; _module_preset=&#8221;default&#8221; text_font=&#8221;Exo||||||||&#8221; header_font=&#8221;Exo|700|||||||&#8221; header_3_font=&#8221;Exo|600|||||||&#8221; header_3_text_color=&#8221;#4f4f4f&#8221; custom_margin=&#8221;||13px|||&#8221; global_colors_info=&#8221;{}&#8221;]<h1 style=\"color: #1046bb; font-size: 40px;\">Our philosophy<\/h1>\n<h3 style=\"color: #1046bb;\">Quality &amp; growth orientation<\/h3>[\/et_pb_text][\/et_pb_column][\/et_pb_row][et_pb_row column_structure=&#8221;1_3,1_3,1_3&#8243; _builder_version=&#8221;4.27.5&#8243; _module_preset=&#8221;default&#8221; global_colors_info=&#8221;{}&#8221;][et_pb_column type=&#8221;1_3&#8243; _builder_version=&#8221;4.27.5&#8243; _module_preset=&#8221;default&#8221; global_colors_info=&#8221;{}&#8221;][et_pb_text _builder_version=&#8221;4.27.5&#8243; _module_preset=&#8221;default&#8221; text_font=&#8221;Exo||||||||&#8221; header_font=&#8221;Exo||||||||&#8221; global_colors_info=&#8221;{}&#8221;]<div style=\"font-size: 16px;\">True responsibility goes beyond simply creating, designing, and delivering our software. Our aim is to create an information and learning environment for every employee within the client company. We prioritize short decision-making processes and communication on equal terms.<\/div>[\/et_pb_text][\/et_pb_column][et_pb_column type=&#8221;1_3&#8243; _builder_version=&#8221;4.27.5&#8243; _module_preset=&#8221;default&#8221; global_colors_info=&#8221;{}&#8221;][et_pb_text _builder_version=&#8221;4.27.5&#8243; _module_preset=&#8221;default&#8221; text_font=&#8221;Exo||||||||&#8221; global_colors_info=&#8221;{}&#8221;]<div style=\"font-size: 16px;\">At OVIO, we know that the right strategy for the training and development of skilled workers is essential for the continued existence of any company. Therefore, motivating the technology aspect, with its commitment to the highest quality and speed, is an integral part of every manufacturing step.<\/div>[\/et_pb_text][\/et_pb_column][et_pb_column type=&#8221;1_3&#8243; _builder_version=&#8221;4.27.5&#8243; _module_preset=&#8221;default&#8221; global_colors_info=&#8221;{}&#8221;][et_pb_text _builder_version=&#8221;4.27.5&#8243; _module_preset=&#8221;default&#8221; text_font=&#8221;Exo||||||||&#8221; global_colors_info=&#8221;{}&#8221;]<div style=\"font-size: 16px;\">We grow with our customers&#8217; needs and are known for consistently exceeding expectations. Innovation is a quality that must be continually earned, and we stand by that. Reliability, a future-oriented approach, and a focus on growth are further pillars upon which we build.<\/div>[\/et_pb_text][\/et_pb_column][\/et_pb_row][\/et_pb_section]\n","protected":false},"excerpt":{"rendered":"<p>OVIO &#8211; Your DAP provider Offers experiences that boost ROI. We at OVIO develop and operate the next generation of holistic knowledge management. Our focus is on strict compliance with the GDPR, maximum protection of your data, and upholding universally accepted work ethics \u2013 especially regarding the spread of artificial intelligence. The German Federal Grant [&hellip;]<\/p>\n","protected":false},"author":1,"featured_media":0,"parent":0,"menu_order":0,"comment_status":"closed","ping_status":"closed","template":"","meta":{"_et_pb_use_builder":"on","_et_pb_old_content":"","_et_gb_content_width":"","footnotes":""},"class_list":["post-4796","page","type-page","status-publish","hentry"],"yoast_head":"<!-- This site is optimized with the Yoast SEO plugin v27.4 - https:\/\/yoast.com\/product\/yoast-seo-wordpress\/ -->\n<title>About Us - OVIO Cloud EN<\/title>\n<meta name=\"robots\" content=\"index, follow, max-snippet:-1, max-image-preview:large, max-video-preview:-1\" \/>\n<link rel=\"canonical\" href=\"https:\/\/ovioworld.com\/en\/about-us\/\" \/>\n<meta property=\"og:locale\" content=\"en_US\" \/>\n<meta property=\"og:type\" content=\"article\" \/>\n<meta property=\"og:title\" content=\"About Us - OVIO Cloud EN\" \/>\n<meta property=\"og:description\" content=\"OVIO - Your DAP provider Offers experiences that boost ROI. We at OVIO develop and operate the next generation of holistic knowledge management. Our focus is on strict compliance with the GDPR, maximum protection of your data, and upholding universally accepted work ethics \u2013 especially regarding the spread of artificial intelligence. The German Federal Grant [&hellip;]\" \/>\n<meta property=\"og:url\" content=\"https:\/\/ovioworld.com\/en\/about-us\/\" \/>\n<meta property=\"og:site_name\" content=\"OVIO Cloud EN\" \/>\n<meta property=\"article:modified_time\" content=\"2026-03-02T18:54:53+00:00\" \/>\n<meta property=\"og:image\" content=\"https:\/\/ovioworld.com\/en\/wp-content\/uploads\/sites\/9\/2026\/03\/Social-Media.png\" \/>\n\t<meta property=\"og:image:width\" content=\"720\" \/>\n\t<meta property=\"og:image:height\" content=\"720\" \/>\n\t<meta property=\"og:image:type\" content=\"image\/png\" \/>\n<meta name=\"twitter:card\" content=\"summary_large_image\" \/>\n<meta name=\"twitter:label1\" content=\"Est. reading time\" \/>\n\t<meta name=\"twitter:data1\" content=\"2 minutes\" \/>\n<script type=\"application\/ld+json\" class=\"yoast-schema-graph\">{\"@context\":\"https:\\\/\\\/schema.org\",\"@graph\":[{\"@type\":\"WebPage\",\"@id\":\"https:\\\/\\\/ovioworld.com\\\/en\\\/about-us\\\/\",\"url\":\"https:\\\/\\\/ovioworld.com\\\/en\\\/about-us\\\/\",\"name\":\"About Us - OVIO Cloud EN\",\"isPartOf\":{\"@id\":\"https:\\\/\\\/ovioworld.com\\\/en\\\/#website\"},\"datePublished\":\"2024-03-01T08:08:34+00:00\",\"dateModified\":\"2026-03-02T18:54:53+00:00\",\"breadcrumb\":{\"@id\":\"https:\\\/\\\/ovioworld.com\\\/en\\\/about-us\\\/#breadcrumb\"},\"inLanguage\":\"en-US\",\"potentialAction\":[{\"@type\":\"ReadAction\",\"target\":[\"https:\\\/\\\/ovioworld.com\\\/en\\\/about-us\\\/\"]}]},{\"@type\":\"BreadcrumbList\",\"@id\":\"https:\\\/\\\/ovioworld.com\\\/en\\\/about-us\\\/#breadcrumb\",\"itemListElement\":[{\"@type\":\"ListItem\",\"position\":1,\"name\":\"Home\",\"item\":\"https:\\\/\\\/ovioworld.com\\\/en\\\/\"},{\"@type\":\"ListItem\",\"position\":2,\"name\":\"About Us\"}]},{\"@type\":\"WebSite\",\"@id\":\"https:\\\/\\\/ovioworld.com\\\/en\\\/#website\",\"url\":\"https:\\\/\\\/ovioworld.com\\\/en\\\/\",\"name\":\"OVIO Cloud EN\",\"description\":\"OVIO Virtual Assistant\",\"publisher\":{\"@id\":\"https:\\\/\\\/ovioworld.com\\\/en\\\/#organization\"},\"potentialAction\":[{\"@type\":\"SearchAction\",\"target\":{\"@type\":\"EntryPoint\",\"urlTemplate\":\"https:\\\/\\\/ovioworld.com\\\/en\\\/?s={search_term_string}\"},\"query-input\":{\"@type\":\"PropertyValueSpecification\",\"valueRequired\":true,\"valueName\":\"search_term_string\"}}],\"inLanguage\":\"en-US\"},{\"@type\":\"Organization\",\"@id\":\"https:\\\/\\\/ovioworld.com\\\/en\\\/#organization\",\"name\":\"OVIO GmbH\",\"url\":\"https:\\\/\\\/ovioworld.com\\\/en\\\/\",\"logo\":{\"@type\":\"ImageObject\",\"inLanguage\":\"en-US\",\"@id\":\"https:\\\/\\\/ovioworld.com\\\/en\\\/#\\\/schema\\\/logo\\\/image\\\/\",\"url\":\"https:\\\/\\\/ovioworld.com\\\/en\\\/wp-content\\\/uploads\\\/sites\\\/9\\\/2023\\\/05\\\/96.png\",\"contentUrl\":\"https:\\\/\\\/ovioworld.com\\\/en\\\/wp-content\\\/uploads\\\/sites\\\/9\\\/2023\\\/05\\\/96.png\",\"width\":1280,\"height\":706,\"caption\":\"OVIO GmbH\"},\"image\":{\"@id\":\"https:\\\/\\\/ovioworld.com\\\/en\\\/#\\\/schema\\\/logo\\\/image\\\/\"}}]}<\/script>\n<!-- \/ Yoast SEO plugin. -->","yoast_head_json":{"title":"About Us - OVIO Cloud EN","robots":{"index":"index","follow":"follow","max-snippet":"max-snippet:-1","max-image-preview":"max-image-preview:large","max-video-preview":"max-video-preview:-1"},"canonical":"https:\/\/ovioworld.com\/en\/about-us\/","og_locale":"en_US","og_type":"article","og_title":"About Us - OVIO Cloud EN","og_description":"OVIO - Your DAP provider Offers experiences that boost ROI. We at OVIO develop and operate the next generation of holistic knowledge management. Our focus is on strict compliance with the GDPR, maximum protection of your data, and upholding universally accepted work ethics \u2013 especially regarding the spread of artificial intelligence. The German Federal Grant [&hellip;]","og_url":"https:\/\/ovioworld.com\/en\/about-us\/","og_site_name":"OVIO Cloud EN","article_modified_time":"2026-03-02T18:54:53+00:00","og_image":[{"width":720,"height":720,"url":"https:\/\/ovioworld.com\/en\/wp-content\/uploads\/sites\/9\/2026\/03\/Social-Media.png","type":"image\/png"}],"twitter_card":"summary_large_image","twitter_misc":{"Est. reading time":"2 minutes"},"schema":{"@context":"https:\/\/schema.org","@graph":[{"@type":"WebPage","@id":"https:\/\/ovioworld.com\/en\/about-us\/","url":"https:\/\/ovioworld.com\/en\/about-us\/","name":"About Us - OVIO Cloud EN","isPartOf":{"@id":"https:\/\/ovioworld.com\/en\/#website"},"datePublished":"2024-03-01T08:08:34+00:00","dateModified":"2026-03-02T18:54:53+00:00","breadcrumb":{"@id":"https:\/\/ovioworld.com\/en\/about-us\/#breadcrumb"},"inLanguage":"en-US","potentialAction":[{"@type":"ReadAction","target":["https:\/\/ovioworld.com\/en\/about-us\/"]}]},{"@type":"BreadcrumbList","@id":"https:\/\/ovioworld.com\/en\/about-us\/#breadcrumb","itemListElement":[{"@type":"ListItem","position":1,"name":"Home","item":"https:\/\/ovioworld.com\/en\/"},{"@type":"ListItem","position":2,"name":"About Us"}]},{"@type":"WebSite","@id":"https:\/\/ovioworld.com\/en\/#website","url":"https:\/\/ovioworld.com\/en\/","name":"OVIO Cloud EN","description":"OVIO Virtual Assistant","publisher":{"@id":"https:\/\/ovioworld.com\/en\/#organization"},"potentialAction":[{"@type":"SearchAction","target":{"@type":"EntryPoint","urlTemplate":"https:\/\/ovioworld.com\/en\/?s={search_term_string}"},"query-input":{"@type":"PropertyValueSpecification","valueRequired":true,"valueName":"search_term_string"}}],"inLanguage":"en-US"},{"@type":"Organization","@id":"https:\/\/ovioworld.com\/en\/#organization","name":"OVIO GmbH","url":"https:\/\/ovioworld.com\/en\/","logo":{"@type":"ImageObject","inLanguage":"en-US","@id":"https:\/\/ovioworld.com\/en\/#\/schema\/logo\/image\/","url":"https:\/\/ovioworld.com\/en\/wp-content\/uploads\/sites\/9\/2023\/05\/96.png","contentUrl":"https:\/\/ovioworld.com\/en\/wp-content\/uploads\/sites\/9\/2023\/05\/96.png","width":1280,"height":706,"caption":"OVIO GmbH"},"image":{"@id":"https:\/\/ovioworld.com\/en\/#\/schema\/logo\/image\/"}}]}},"_links":{"self":[{"href":"https:\/\/ovioworld.com\/en\/wp-json\/wp\/v2\/pages\/4796","targetHints":{"allow":["GET"]}}],"collection":[{"href":"https:\/\/ovioworld.com\/en\/wp-json\/wp\/v2\/pages"}],"about":[{"href":"https:\/\/ovioworld.com\/en\/wp-json\/wp\/v2\/types\/page"}],"author":[{"embeddable":true,"href":"https:\/\/ovioworld.com\/en\/wp-json\/wp\/v2\/users\/1"}],"replies":[{"embeddable":true,"href":"https:\/\/ovioworld.com\/en\/wp-json\/wp\/v2\/comments?post=4796"}],"version-history":[{"count":14,"href":"https:\/\/ovioworld.com\/en\/wp-json\/wp\/v2\/pages\/4796\/revisions"}],"predecessor-version":[{"id":6340,"href":"https:\/\/ovioworld.com\/en\/wp-json\/wp\/v2\/pages\/4796\/revisions\/6340"}],"wp:attachment":[{"href":"https:\/\/ovioworld.com\/en\/wp-json\/wp\/v2\/media?parent=4796"}],"curies":[{"name":"wp","href":"https:\/\/api.w.org\/{rel}","templated":true}]}}